{"id":10,"date":"2026-04-09T15:06:24","date_gmt":"2026-04-09T18:06:24","guid":{"rendered":"https:\/\/crbambiental.com.br\/?page_id=10"},"modified":"2026-04-16T15:01:48","modified_gmt":"2026-04-16T18:01:48","slug":"crb-ambiental-pagina-principal","status":"publish","type":"page","link":"https:\/\/crbambiental.com.br\/","title":{"rendered":"CRB Ambiental &#8211; P\u00e1gina Principal"},"content":{"rendered":"\t\t<div data-elementor-type=\"wp-page\" data-elementor-id=\"10\" class=\"elementor elementor-10\" data-elementor-post-type=\"page\">\n\t\t\t\t<div class=\"elementor-element elementor-element-bdfa288 e-con-full e-flex e-con e-parent\" data-id=\"bdfa288\" data-element_type=\"container\" data-e-type=\"container\">\n\t\t\t\t<div class=\"elementor-element elementor-element-0da6b57 elementor-widget elementor-widget-slider_revolution\" data-id=\"0da6b57\" data-element_type=\"widget\" data-e-type=\"widget\" data-widget_type=\"slider_revolution.default\">\n\t\t\t\t\t<div class=\"wp-block-themepunch-revslider revslider\">\n\t\t\t\t<p class=\"rs-p-wp-fix\"><\/p>\n\t\t\t\t<sr7-module data-alias=\"controle-deslizante-gerado\" data-id=\"1\" id=\"SR7_1_1\" data-version=\"7.0.4\">\n\t\t\t\t\t<sr7-adjuster><\/sr7-adjuster>\n\t\t\t\t\t<sr7-content>\n\t\t\t\t\t\t<sr7-slide id=\"SR7_1_1-1\" data-key=\"1\">\n\t\t\t\t\t\t\t<sr7-bg id=\"SR7_1_1-1-4\" class=\"sr7-layer\"><noscript><img decoding=\"async\" src=\"https:\/\/crbambiental.com.br\/wp-content\/uploads\/2026\/04\/Banner-Principal.png\" alt=\"\" title=\"CRB Ambiental &#8211; P\u00e1gina Principal\"><\/noscript><\/sr7-bg>\n\t\t\t\t\t\t\t<h1 id=\"SR7_1_1-1-5\" class=\"sr7-layer\">Vamos reciclar e<\/br> ajudar quem <\/br>precisa<\/h1>\n\t\t\t\t\t\t\t<p id=\"SR7_1_1-1-7\" class=\"sr7-layer\">Transformamos res\u00edduos em esperan\u00e7a e apoio <\/br>a institui\u00e7\u00f5es de caridade hospitalar<br><\/p>\n\t\t\t\t\t\t\t<sr7-txt id=\"SR7_1_1-1-8\" class=\"sr7-layer\">Saiba mais<\/sr7-txt>\n\t\t\t\t\t\t\t<sr7-txt id=\"SR7_1_1-1-9\" class=\"sr7-layer\">Entre em contato<\/sr7-txt>\n\t\t\t\t\t\t<\/sr7-slide>\n\t\t\t\t\t\t<sr7-slide id=\"SR7_1_1-2\" data-key=\"2\">\n\t\t\t\t\t\t\t<sr7-txt id=\"SR7_1_1-2-7\" class=\"sr7-layer\"><i class='material-icons'>keyboard_arrow_right<\/i><\/sr7-txt>\n\t\t\t\t\t\t\t<sr7-txt id=\"SR7_1_1-2-12\" class=\"sr7-layer\"><i class='material-icons'>keyboard_arrow_left<\/i><\/sr7-txt>\n\t\t\t\t\t\t<\/sr7-slide>\n\t\t\t\t\t<\/sr7-content>\n\t\t\t\t\t<image_lists style=\"display:none\">\n\t\t\t\t\t\t<img data-src=\"\/\/crbambiental.com.br\/wp-content\/uploads\/revslider\/o\/1\/acc60b806adf9d2ef5b837d0cdc5b933.webp\" width=\"0\" height=\"0\" data-dbsrc=\"Ly9jcmJhbWJpZW50YWwuY29tLmJyL3dwLWNvbnRlbnQvdXBsb2Fkcy8yMDI2LzA0L0Jhbm5lci1QcmluY2lwYWwucG5n\"\/>\n\t\t\t\t\t<\/image_lists>\n\t\t\t\t<\/sr7-module>\n\t\t\t\t<script>\n\t\t\t\t\twindow.SR7??={}; SR7.PMH ??={}; SR7.PMH[\"SR7_1_1\"] = {cn:100,state:false,fn: function() { if (window._tpt!==undefined && window._tpt.prepareModuleHeight !== undefined) {  _tpt.prepareModuleHeight({id:\"SR7_1_1\",el:[530,530,530,530,600],type:'standard',gh:[820,820,820,820,600],gw:[1920,1920,1920,1920,480],vpt:['100px'],size:{fullWidth:true, fullHeight:false},mh:'0',onh:0,onw:0,bg:{color:''}});   SR7.PMH[\"SR7_1_1\"].state=true;} else if(SR7.PMH[\"SR7_1_1\"].cn-->0)\tsetTimeout( SR7.PMH[\"SR7_1_1\"].fn,19);}};SR7.PMH[\"SR7_1_1\" ].fn();\n\t\t\t\t<\/script>\n<\/div>\t\t\t\t<\/div>\n\t\t\t\t<\/div>\n\t\t<div class=\"elementor-element elementor-element-005cffd e-flex e-con-boxed e-con e-parent\" data-id=\"005cffd\" data-element_type=\"container\" data-e-type=\"container\" data-settings=\"{&quot;background_background&quot;:&quot;classic&quot;}\">\n\t\t\t\t\t<div class=\"e-con-inner\">\n\t\t\t\t<div class=\"elementor-element elementor-element-ade07af elementor-widget elementor-widget-heading\" data-id=\"ade07af\" data-element_type=\"widget\" data-e-type=\"widget\" data-widget_type=\"heading.default\">\n\t\t\t\t\t<h2 class=\"elementor-heading-title elementor-size-default\">Empresas que colaboram com a gente<\/h2>\t\t\t\t<\/div>\n\t\t\t\t\t<\/div>\n\t\t\t\t<\/div>\n\t\t<div class=\"elementor-element elementor-element-b6dee27 e-flex e-con-boxed e-con e-parent\" data-id=\"b6dee27\" data-element_type=\"container\" data-e-type=\"container\" data-settings=\"{&quot;background_background&quot;:&quot;classic&quot;}\">\n\t\t\t\t\t<div class=\"e-con-inner\">\n\t\t<div class=\"elementor-element elementor-element-1d92050 e-con-full e-flex e-con e-child\" data-id=\"1d92050\" data-element_type=\"container\" data-e-type=\"container\" data-settings=\"{&quot;background_background&quot;:&quot;classic&quot;}\">\n\t\t\t\t<div class=\"elementor-element elementor-element-fb4893f elementor-widget elementor-widget-image\" data-id=\"fb4893f\" data-element_type=\"widget\" data-e-type=\"widget\" data-widget_type=\"image.default\">\n\t\t\t\t\t\t\t\t\t\t\t\t\t\t\t<img decoding=\"async\" width=\"400\" height=\"62\" src=\"https:\/\/crbambiental.com.br\/wp-content\/uploads\/2026\/04\/logoipsum-362.png\" class=\"attachment-large size-large wp-image-114\" alt=\"\" srcset=\"https:\/\/crbambiental.com.br\/wp-content\/uploads\/2026\/04\/logoipsum-362.png 400w, https:\/\/crbambiental.com.br\/wp-content\/uploads\/2026\/04\/logoipsum-362-300x47.png 300w\" sizes=\"(max-width: 400px) 100vw, 400px\" \/>\t\t\t\t\t\t\t\t\t\t\t\t\t\t\t<\/div>\n\t\t\t\t<\/div>\n\t\t<div class=\"elementor-element elementor-element-aa7d71b e-con-full e-flex e-con e-child\" data-id=\"aa7d71b\" data-element_type=\"container\" data-e-type=\"container\" data-settings=\"{&quot;background_background&quot;:&quot;classic&quot;}\">\n\t\t\t\t<div class=\"elementor-element elementor-element-360a759 elementor-widget elementor-widget-image\" data-id=\"360a759\" data-element_type=\"widget\" data-e-type=\"widget\" data-widget_type=\"image.default\">\n\t\t\t\t\t\t\t\t\t\t\t\t\t\t\t<img decoding=\"async\" width=\"400\" height=\"77\" src=\"https:\/\/crbambiental.com.br\/wp-content\/uploads\/2026\/04\/logoipsum-385.png\" class=\"attachment-large size-large wp-image-115\" alt=\"\" srcset=\"https:\/\/crbambiental.com.br\/wp-content\/uploads\/2026\/04\/logoipsum-385.png 400w, https:\/\/crbambiental.com.br\/wp-content\/uploads\/2026\/04\/logoipsum-385-300x58.png 300w\" sizes=\"(max-width: 400px) 100vw, 400px\" \/>\t\t\t\t\t\t\t\t\t\t\t\t\t\t\t<\/div>\n\t\t\t\t<\/div>\n\t\t<div class=\"elementor-element elementor-element-6bf2feb e-con-full e-flex e-con e-child\" data-id=\"6bf2feb\" data-element_type=\"container\" data-e-type=\"container\" data-settings=\"{&quot;background_background&quot;:&quot;classic&quot;}\">\n\t\t\t\t<div class=\"elementor-element elementor-element-87e4884 elementor-widget elementor-widget-image\" data-id=\"87e4884\" data-element_type=\"widget\" data-e-type=\"widget\" data-widget_type=\"image.default\">\n\t\t\t\t\t\t\t\t\t\t\t\t\t\t\t<img loading=\"lazy\" decoding=\"async\" width=\"400\" height=\"73\" src=\"https:\/\/crbambiental.com.br\/wp-content\/uploads\/2026\/04\/logoipsum-410.png\" class=\"attachment-large size-large wp-image-117\" alt=\"\" srcset=\"https:\/\/crbambiental.com.br\/wp-content\/uploads\/2026\/04\/logoipsum-410.png 400w, https:\/\/crbambiental.com.br\/wp-content\/uploads\/2026\/04\/logoipsum-410-300x55.png 300w\" sizes=\"(max-width: 400px) 100vw, 400px\" \/>\t\t\t\t\t\t\t\t\t\t\t\t\t\t\t<\/div>\n\t\t\t\t<\/div>\n\t\t<div class=\"elementor-element elementor-element-9c8d4db e-con-full e-flex e-con e-child\" data-id=\"9c8d4db\" data-element_type=\"container\" data-e-type=\"container\" data-settings=\"{&quot;background_background&quot;:&quot;classic&quot;}\">\n\t\t\t\t<div class=\"elementor-element elementor-element-9dcc872 elementor-widget elementor-widget-image\" data-id=\"9dcc872\" data-element_type=\"widget\" data-e-type=\"widget\" data-widget_type=\"image.default\">\n\t\t\t\t\t\t\t\t\t\t\t\t\t\t\t<img loading=\"lazy\" decoding=\"async\" width=\"400\" height=\"72\" src=\"https:\/\/crbambiental.com.br\/wp-content\/uploads\/2026\/04\/logoipsum-391.png\" class=\"attachment-large size-large wp-image-116\" alt=\"\" srcset=\"https:\/\/crbambiental.com.br\/wp-content\/uploads\/2026\/04\/logoipsum-391.png 400w, https:\/\/crbambiental.com.br\/wp-content\/uploads\/2026\/04\/logoipsum-391-300x54.png 300w\" sizes=\"(max-width: 400px) 100vw, 400px\" \/>\t\t\t\t\t\t\t\t\t\t\t\t\t\t\t<\/div>\n\t\t\t\t<\/div>\n\t\t<div class=\"elementor-element elementor-element-950b85a e-con-full e-flex e-con e-child\" data-id=\"950b85a\" data-element_type=\"container\" data-e-type=\"container\" data-settings=\"{&quot;background_background&quot;:&quot;classic&quot;}\">\n\t\t\t\t<div class=\"elementor-element elementor-element-489e7a2 elementor-widget elementor-widget-image\" data-id=\"489e7a2\" data-element_type=\"widget\" data-e-type=\"widget\" data-widget_type=\"image.default\">\n\t\t\t\t\t\t\t\t\t\t\t\t\t\t\t<img decoding=\"async\" width=\"400\" height=\"77\" src=\"https:\/\/crbambiental.com.br\/wp-content\/uploads\/2026\/04\/logoipsum-385.png\" class=\"attachment-large size-large wp-image-115\" alt=\"\" srcset=\"https:\/\/crbambiental.com.br\/wp-content\/uploads\/2026\/04\/logoipsum-385.png 400w, https:\/\/crbambiental.com.br\/wp-content\/uploads\/2026\/04\/logoipsum-385-300x58.png 300w\" sizes=\"(max-width: 400px) 100vw, 400px\" \/>\t\t\t\t\t\t\t\t\t\t\t\t\t\t\t<\/div>\n\t\t\t\t<\/div>\n\t\t\t\t\t<\/div>\n\t\t\t\t<\/div>\n\t\t<div class=\"elementor-element elementor-element-d448a88 e-flex e-con-boxed e-con e-parent\" data-id=\"d448a88\" data-element_type=\"container\" data-e-type=\"container\" data-settings=\"{&quot;background_background&quot;:&quot;classic&quot;}\">\n\t\t\t\t\t<div class=\"e-con-inner\">\n\t\t\t\t<div class=\"elementor-element elementor-element-f7d3bd9 elementor-widget elementor-widget-heading\" data-id=\"f7d3bd9\" data-element_type=\"widget\" data-e-type=\"widget\" data-widget_type=\"heading.default\">\n\t\t\t\t\t<h2 class=\"elementor-heading-title elementor-size-default\">Junte-se a essas empresas e fa\u00e7a parte dessa transforma\u00e7\u00e3o<\/h2>\t\t\t\t<\/div>\n\t\t\t\t\t<\/div>\n\t\t\t\t<\/div>\n\t\t<div class=\"elementor-element elementor-element-3376473 e-flex e-con-boxed e-con e-parent\" data-id=\"3376473\" data-element_type=\"container\" data-e-type=\"container\">\n\t\t\t\t\t<div class=\"e-con-inner\">\n\t\t<div class=\"elementor-element elementor-element-8a203e6 e-con-full e-flex e-con e-child\" data-id=\"8a203e6\" data-element_type=\"container\" data-e-type=\"container\">\n\t\t\t\t<div class=\"elementor-element elementor-element-9cccdb1 elementor-widget elementor-widget-heading\" data-id=\"9cccdb1\" data-element_type=\"widget\" data-e-type=\"widget\" data-widget_type=\"heading.default\">\n\t\t\t\t\t<h2 class=\"elementor-heading-title elementor-size-default\">Solu\u00e7\u00f5es em Reciclagem<\/h2>\t\t\t\t<\/div>\n\t\t\t\t<div class=\"elementor-element elementor-element-de6e28e elementor-widget elementor-widget-heading\" data-id=\"de6e28e\" data-element_type=\"widget\" data-e-type=\"widget\" data-widget_type=\"heading.default\">\n\t\t\t\t\t<h2 class=\"elementor-heading-title elementor-size-default\">Transforme o Descarte em Oportunidade<\/h2>\t\t\t\t<\/div>\n\t\t\t\t<div class=\"elementor-element elementor-element-07c2590 elementor-widget elementor-widget-heading\" data-id=\"07c2590\" data-element_type=\"widget\" data-e-type=\"widget\" data-widget_type=\"heading.default\">\n\t\t\t\t\t<h2 class=\"elementor-heading-title elementor-size-default\">Bem-vindo(a) \u00e0 nossa plataforma dedicada \u00e0 economia circular<\/h2>\t\t\t\t<\/div>\n\t\t\t\t<div class=\"elementor-element elementor-element-4386a07 elementor-widget elementor-widget-text-editor\" data-id=\"4386a07\" data-element_type=\"widget\" data-e-type=\"widget\" data-widget_type=\"text-editor.default\">\n\t\t\t\t\t\t\t\t\t<p>Aqui, acreditamos que o que n\u00e3o serve mais para um, pode ser o recurso valioso de outro. Conectamos empresas e pessoas para garantir que materiais recicl\u00e1veis tenham o destino correto, unindo sustentabilidade, rentabilidade e responsabilidade social.<\/p>\t\t\t\t\t\t\t\t<\/div>\n\t\t<div class=\"elementor-element elementor-element-e362a10 e-con-full e-flex e-con e-child\" data-id=\"e362a10\" data-element_type=\"container\" data-e-type=\"container\">\n\t\t<div class=\"elementor-element elementor-element-0cdc2ce e-con-full e-flex e-con e-child\" data-id=\"0cdc2ce\" data-element_type=\"container\" data-e-type=\"container\">\n\t\t\t\t<div class=\"elementor-element elementor-element-a2b1ef8 elementor-view-default elementor-position-block-start elementor-mobile-position-block-start elementor-widget elementor-widget-icon-box\" data-id=\"a2b1ef8\" data-element_type=\"widget\" data-e-type=\"widget\" data-widget_type=\"icon-box.default\">\n\t\t\t\t\t\t\t<div class=\"elementor-icon-box-wrapper\">\n\n\t\t\t\t\t\t<div class=\"elementor-icon-box-icon\">\n\t\t\t\t<span  class=\"elementor-icon\">\n\t\t\t\t<svg xmlns=\"http:\/\/www.w3.org\/2000\/svg\" id=\"Layer_1\" data-name=\"Layer 1\" viewBox=\"0 0 24 24\" width=\"512\" height=\"512\"><path d=\"M23.119.872A2.985,2.985,0,0,0,20.714.015C17.921.285,8.528,1.448,4.9,5.072a9.931,9.931,0,0,0-.671,13.281l-3.94,3.94a1,1,0,0,0,1.414,1.414l3.94-3.94A9.929,9.929,0,0,0,18.928,19.1c3.676-3.677,4.8-13.041,5.059-15.823A2.987,2.987,0,0,0,23.119.872Zm-5.6,16.81a7.925,7.925,0,0,1-10.439.657l9.632-9.632a1,1,0,0,0-1.414-1.414L5.661,16.925A7.924,7.924,0,0,1,6.318,6.486C8.827,3.978,15.745,2.5,20.907,2.005A1,1,0,0,1,22,3.088C21.5,8.475,20.059,15.137,17.514,17.682Z\"><\/path><\/svg>\t\t\t\t<\/span>\n\t\t\t<\/div>\n\t\t\t\n\t\t\t\t\t\t<div class=\"elementor-icon-box-content\">\n\n\t\t\t\t\t\t\t\t\t<h3 class=\"elementor-icon-box-title\">\n\t\t\t\t\t\t<span  >\n\t\t\t\t\t\t\t200+\t\t\t\t\t\t<\/span>\n\t\t\t\t\t<\/h3>\n\t\t\t\t\n\t\t\t\t\t\t\t\t\t<p class=\"elementor-icon-box-description\">\n\t\t\t\t\t\tToneladas Recicladas\t\t\t\t\t<\/p>\n\t\t\t\t\n\t\t\t<\/div>\n\t\t\t\n\t\t<\/div>\n\t\t\t\t\t\t<\/div>\n\t\t\t\t<\/div>\n\t\t<div class=\"elementor-element elementor-element-19f8f0a e-con-full e-flex e-con e-child\" data-id=\"19f8f0a\" data-element_type=\"container\" data-e-type=\"container\">\n\t\t\t\t<div class=\"elementor-element elementor-element-ecaafa0 elementor-view-default elementor-position-block-start elementor-mobile-position-block-start elementor-widget elementor-widget-icon-box\" data-id=\"ecaafa0\" data-element_type=\"widget\" data-e-type=\"widget\" data-widget_type=\"icon-box.default\">\n\t\t\t\t\t\t\t<div class=\"elementor-icon-box-wrapper\">\n\n\t\t\t\t\t\t<div class=\"elementor-icon-box-icon\">\n\t\t\t\t<span  class=\"elementor-icon\">\n\t\t\t\t<svg xmlns=\"http:\/\/www.w3.org\/2000\/svg\" id=\"Layer_1\" data-name=\"Layer 1\" viewBox=\"0 0 24 24\" width=\"512\" height=\"512\"><path d=\"M8.965,24H4a4,4,0,0,1-4-4V15a4,4,0,0,1,4-4h8.857a3.144,3.144,0,0,1,2.69,1.519l3.217-3.535a3.01,3.01,0,0,1,4.254-.2,3.022,3.022,0,0,1,.217,4.23l-6.8,7.637A10.012,10.012,0,0,1,8.965,24ZM4,13a2,2,0,0,0-2,2v5a2,2,0,0,0,2,2H8.965a8.005,8.005,0,0,0,5.972-2.678l6.805-7.638a1.015,1.015,0,0,0-.072-1.421A1.029,1.029,0,0,0,20.942,10a1,1,0,0,0-.7.329L15.816,15.2A3.158,3.158,0,0,1,13.3,17.252l-5.161.738a1,1,0,0,1-.284-1.98l5.162-.737A1.142,1.142,0,0,0,12.857,13Zm7-3.926a1.986,1.986,0,0,1-1.247-.436C8.041,7.264,6,5.2,6,3.2A3.109,3.109,0,0,1,9,0a2.884,2.884,0,0,1,2,.817A2.884,2.884,0,0,1,13,0a3.109,3.109,0,0,1,3,3.2c0,2-2.041,4.064-3.754,5.439A1.986,1.986,0,0,1,11,9.074ZM9,2A1.115,1.115,0,0,0,8,3.2c0,.9,1.151,2.39,3.006,3.879C12.849,5.59,14,4.1,14,3.2A1.115,1.115,0,0,0,13,2a1.115,1.115,0,0,0-1,1.2,1,1,0,0,1-2,0A1.115,1.115,0,0,0,9,2Z\"><\/path><\/svg>\t\t\t\t<\/span>\n\t\t\t<\/div>\n\t\t\t\n\t\t\t\t\t\t<div class=\"elementor-icon-box-content\">\n\n\t\t\t\t\t\t\t\t\t<h3 class=\"elementor-icon-box-title\">\n\t\t\t\t\t\t<span  >\n\t\t\t\t\t\t\t100+\t\t\t\t\t\t<\/span>\n\t\t\t\t\t<\/h3>\n\t\t\t\t\n\t\t\t\t\t\t\t\t\t<p class=\"elementor-icon-box-description\">\n\t\t\t\t\t\tInstitui\u00e7\u00f5es apoiadas\t\t\t\t\t<\/p>\n\t\t\t\t\n\t\t\t<\/div>\n\t\t\t\n\t\t<\/div>\n\t\t\t\t\t\t<\/div>\n\t\t\t\t<\/div>\n\t\t<div class=\"elementor-element elementor-element-b5c6e1c e-con-full e-flex e-con e-child\" data-id=\"b5c6e1c\" data-element_type=\"container\" data-e-type=\"container\">\n\t\t\t\t<div class=\"elementor-element elementor-element-162d48d elementor-view-default elementor-position-block-start elementor-mobile-position-block-start elementor-widget elementor-widget-icon-box\" data-id=\"162d48d\" data-element_type=\"widget\" data-e-type=\"widget\" data-widget_type=\"icon-box.default\">\n\t\t\t\t\t\t\t<div class=\"elementor-icon-box-wrapper\">\n\n\t\t\t\t\t\t<div class=\"elementor-icon-box-icon\">\n\t\t\t\t<span  class=\"elementor-icon\">\n\t\t\t\t<svg xmlns=\"http:\/\/www.w3.org\/2000\/svg\" id=\"Layer_1\" data-name=\"Layer 1\" viewBox=\"0 0 24 24\" width=\"512\" height=\"512\"><path d=\"M21.736,16.4A5.009,5.009,0,0,0,17,13H13V11.916a6,6,0,1,0-2,0V13H7a5.009,5.009,0,0,0-4.736,3.4,4,4,0,1,0,2.447-.334A3,3,0,0,1,7,15h4v1.127a4,4,0,1,0,2,0V15h4a3,3,0,0,1,2.289,1.063,4,4,0,1,0,2.447.334ZM8,6a4,4,0,1,1,4,4A4,4,0,0,1,8,6ZM6,20a2,2,0,1,1-2-2A2,2,0,0,1,6,20Zm8,0a2,2,0,1,1-2-2A2,2,0,0,1,14,20Zm6,2a2,2,0,1,1,2-2A2,2,0,0,1,20,22Z\"><\/path><\/svg>\t\t\t\t<\/span>\n\t\t\t<\/div>\n\t\t\t\n\t\t\t\t\t\t<div class=\"elementor-icon-box-content\">\n\n\t\t\t\t\t\t\t\t\t<h3 class=\"elementor-icon-box-title\">\n\t\t\t\t\t\t<span  >\n\t\t\t\t\t\t\t30+\t\t\t\t\t\t<\/span>\n\t\t\t\t\t<\/h3>\n\t\t\t\t\n\t\t\t\t\t\t\t\t\t<p class=\"elementor-icon-box-description\">\n\t\t\t\t\t\tEmpresas parceiras\t\t\t\t\t<\/p>\n\t\t\t\t\n\t\t\t<\/div>\n\t\t\t\n\t\t<\/div>\n\t\t\t\t\t\t<\/div>\n\t\t\t\t<\/div>\n\t\t\t\t<\/div>\n\t\t\t\t<\/div>\n\t\t<div class=\"elementor-element elementor-element-37298fb e-con-full e-flex e-con e-child\" data-id=\"37298fb\" data-element_type=\"container\" data-e-type=\"container\">\n\t\t\t\t\t\t\t\n\t\t<img class=\"e-image-base \" \n\t\t\t\t\tdata-interaction-id=\"626129b\" \n\t\t \n\t\t data-e-type=\"widget\" data-id=\"626129b\"\n\t\t\t\t\t\t\t\t\tid=\"106\"\n\t\t\t\t\t\t\t\t\t\t\t\tsrc=\"https:\/\/crbambiental.com.br\/wp-content\/uploads\/2026\/04\/Group-9.png\"\n\t\t\t\t\t\t\t\t\t\t\t\twidth=\"708\"\n\t\t\t\t\t\t\t\t\t\t\t\theight=\"590\"\n\t\t\t\t\t\t\t\t\t\t\t\tsrcset=\"https:\/\/crbambiental.com.br\/wp-content\/uploads\/2026\/04\/Group-9.png 708w, https:\/\/crbambiental.com.br\/wp-content\/uploads\/2026\/04\/Group-9-300x250.png 300w\"\n\t\t\t\t\t\t\t\t\t\t\t\talt=\"\"\n\t\t\t\t\t\t\/>\n\t\t\t\t\t<\/div>\n\t\t\t\t\t<\/div>\n\t\t\t\t<\/div>\n\t\t<div class=\"elementor-element elementor-element-8ac5212 e-flex e-con-boxed e-con e-parent\" data-id=\"8ac5212\" data-element_type=\"container\" data-e-type=\"container\" data-settings=\"{&quot;background_background&quot;:&quot;classic&quot;}\">\n\t\t\t\t\t<div class=\"e-con-inner\">\n\t\t\t\t<div class=\"elementor-element elementor-element-c22585b elementor-widget elementor-widget-heading\" data-id=\"c22585b\" data-element_type=\"widget\" data-e-type=\"widget\" data-widget_type=\"heading.default\">\n\t\t\t\t\t<h2 class=\"elementor-heading-title elementor-size-default\">como atuamos<\/h2>\t\t\t\t<\/div>\n\t\t\t\t<div class=\"elementor-element elementor-element-07f871a elementor-widget elementor-widget-heading\" data-id=\"07f871a\" data-element_type=\"widget\" data-e-type=\"widget\" data-widget_type=\"heading.default\">\n\t\t\t\t\t<h2 class=\"elementor-heading-title elementor-size-default\">Nosso processo de reciclagem<\/h2>\t\t\t\t<\/div>\n\t\t\t\t<div class=\"elementor-element elementor-element-e332491 elementor-widget elementor-widget-text-editor\" data-id=\"e332491\" data-element_type=\"widget\" data-e-type=\"widget\" data-widget_type=\"text-editor.default\">\n\t\t\t\t\t\t\t\t\t<p>Um fluxo organizado e transparente que garante o destino correto para cada material.<\/p>\t\t\t\t\t\t\t\t<\/div>\n\t\t\t\t\t<\/div>\n\t\t\t\t<\/div>\n\t\t\t\t<\/div>\n\t\t","protected":false},"excerpt":{"rendered":"<p>Empresas que colaboram com a gente Junte-se a essas empresas e fa\u00e7a parte dessa transforma\u00e7\u00e3o Solu\u00e7\u00f5es em Reciclagem Transforme o Descarte em Oportunidade Bem-vindo(a) \u00e0 nossa plataforma dedicada \u00e0 economia circular Aqui, acreditamos que o que n\u00e3o serve mais para um, pode ser o recurso valioso de outro. Conectamos empresas e pessoas para garantir que [&hellip;]<\/p>\n","protected":false},"author":1,"featured_media":0,"parent":0,"menu_order":0,"comment_status":"closed","ping_status":"closed","template":"","meta":{"rs_blank_template":"","rs_page_bg_color":"","slide_template_v7":"","footnotes":""},"class_list":["post-10","page","type-page","status-publish","hentry"],"_links":{"self":[{"href":"https:\/\/crbambiental.com.br\/index.php?rest_route=\/wp\/v2\/pages\/10","targetHints":{"allow":["GET"]}}],"collection":[{"href":"https:\/\/crbambiental.com.br\/index.php?rest_route=\/wp\/v2\/pages"}],"about":[{"href":"https:\/\/crbambiental.com.br\/index.php?rest_route=\/wp\/v2\/types\/page"}],"author":[{"embeddable":true,"href":"https:\/\/crbambiental.com.br\/index.php?rest_route=\/wp\/v2\/users\/1"}],"replies":[{"embeddable":true,"href":"https:\/\/crbambiental.com.br\/index.php?rest_route=%2Fwp%2Fv2%2Fcomments&post=10"}],"version-history":[{"count":112,"href":"https:\/\/crbambiental.com.br\/index.php?rest_route=\/wp\/v2\/pages\/10\/revisions"}],"predecessor-version":[{"id":182,"href":"https:\/\/crbambiental.com.br\/index.php?rest_route=\/wp\/v2\/pages\/10\/revisions\/182"}],"wp:attachment":[{"href":"https:\/\/crbambiental.com.br\/index.php?rest_route=%2Fwp%2Fv2%2Fmedia&parent=10"}],"curies":[{"name":"wp","href":"https:\/\/api.w.org\/{rel}","templated":true}]}}